{"id":8392,"date":"2024-09-06T11:21:11","date_gmt":"2024-09-06T11:21:11","guid":{"rendered":"https:\/\/www.smc-eu.com\/declaration-de-confidentialite\/"},"modified":"2026-02-04T15:14:02","modified_gmt":"2026-02-04T15:14:02","slug":"declaration-de-confidentialite","status":"publish","type":"page","link":"https:\/\/www.smc-eu.com\/fr\/declaration-de-confidentialite\/","title":{"rendered":"D\u00e9claration de confidentialit\u00e9"},"content":{"rendered":"\t\t<div data-elementor-type=\"wp-page\" data-elementor-id=\"8392\" class=\"elementor elementor-8392 elementor-6492\" data-elementor-settings=\"{&quot;ha_cmc_init_switcher&quot;:&quot;no&quot;}\" data-elementor-post-type=\"page\">\n\t\t\t\t\t\t<section class=\"elementor-section elementor-top-section elementor-element elementor-element-7e544d4d elementor-section-boxed elementor-section-height-default elementor-section-height-default\" data-id=\"7e544d4d\" data-element_type=\"section\" data-e-type=\"section\" data-settings=\"{&quot;jet_parallax_layout_list&quot;:[],&quot;background_background&quot;:&quot;classic&quot;,&quot;_ha_eqh_enable&quot;:false}\">\n\t\t\t\t\t\t<div class=\"elementor-container elementor-column-gap-no\">\n\t\t\t\t\t<div class=\"elementor-column elementor-col-100 elementor-top-column elementor-element elementor-element-582a9337\" data-id=\"582a9337\" data-element_type=\"column\" data-e-type=\"column\">\n\t\t\t<div class=\"elementor-widget-wrap elementor-element-populated\">\n\t\t\t\t\t\t<div class=\"elementor-element elementor-element-11b6efdf elementor-icon-list--layout-inline elementor-align-start elementor-mobile-align-start elementor-list-item-link-full_width elementor-invisible elementor-widget elementor-widget-icon-list\" data-id=\"11b6efdf\" data-element_type=\"widget\" data-e-type=\"widget\" data-settings=\"{&quot;_animation&quot;:&quot;slideInUp&quot;}\" data-widget_type=\"icon-list.default\">\n\t\t\t\t<div class=\"elementor-widget-container\">\n\t\t\t\t\t\t\t<ul class=\"elementor-icon-list-items elementor-inline-items\">\n\t\t\t\t\t\t\t<li class=\"elementor-icon-list-item elementor-inline-item\">\n\t\t\t\t\t\t\t\t\t\t\t<span class=\"elementor-icon-list-icon\">\n\t\t\t\t\t\t\t<svg xmlns=\"http:\/\/www.w3.org\/2000\/svg\" id=\"Layer_1\" data-name=\"Layer 1\" viewBox=\"0 0 80.9 89.2\"><defs><style>      .cls-1 {        fill: #e2161b;        stroke-width: 0px;      }    <\/style><\/defs><path class=\"cls-1\" d=\"M25.5,44.3c6.2,0,12.4,0,18.6,0,4.8,0,9.5,4.6,9.5,9.4,0,9.9,0,19.8,0,29.6,0,2.8-3.2,5.9-6.1,5.9-.2,0-.4,0-.6,0-4.9,0-7.8-2.9-7.8-7.9,0-6.7,0-13.5,0-20.2,0-2.3-.2-2.5-2.5-2.5-10,0-19.9,0-29.9,0-4.2,0-6.7-2.4-6.7-6.5,0-5.4,2.4-7.9,7.9-7.9,5.9,0,11.7,0,17.6,0Z\"><\/path><path class=\"cls-1\" d=\"M54.7,40.5c-6.2,0-12.4,0-18.6,0-4.4,0-9.2-4.7-9.2-9.1,0-8.4,0-16.8,0-25.1,0-2.9,2-5.3,4.9-6,5.3-1.3,9.8,3.2,9.6,7.6-.2,5.1,0,10.2,0,15.3,0,2.8,0,2.9,2.8,2.9,9.9,0,19.8.1,29.7,0,3.4,0,6.1,2.9,6.7,5.1.8,3.3-.3,6-3.2,8-1.5,1.1-3.1,1.4-5,1.4-5.9,0-11.9,0-17.8,0Z\"><\/path><\/svg>\t\t\t\t\t\t<\/span>\n\t\t\t\t\t\t\t\t\t\t<span class=\"elementor-icon-list-text\">Derni\u00e8re mise \u00e0 jour : 04 Jan 2026<\/span>\n\t\t\t\t\t\t\t\t\t<\/li>\n\t\t\t\t\t\t<\/ul>\n\t\t\t\t\t\t<\/div>\n\t\t\t\t<\/div>\n\t\t\t\t<div class=\"elementor-element elementor-element-109442d9 elementor-widget elementor-widget-heading\" data-id=\"109442d9\" data-element_type=\"widget\" data-e-type=\"widget\" data-widget_type=\"heading.default\">\n\t\t\t\t<div class=\"elementor-widget-container\">\n\t\t\t\t\t<h2 class=\"elementor-heading-title elementor-size-default\">D\u00e9claration de confidentialit\u00e9 du SMC\n\n<\/h2>\t\t\t\t<\/div>\n\t\t\t\t<\/div>\n\t\t\t\t<div class=\"elementor-element elementor-element-479cf90c elementor-widget elementor-widget-text-editor\" data-id=\"479cf90c\" data-element_type=\"widget\" data-e-type=\"widget\" data-widget_type=\"text-editor.default\">\n\t\t\t\t<div class=\"elementor-widget-container\">\n\t\t\t\t\t\t\t\t\t<p>Au SMC, nous accordons de l&rsquo;importance \u00e0 votre vie priv\u00e9e et nous nous engageons \u00e0 prot\u00e9ger vos donn\u00e9es personnelles conform\u00e9ment au r\u00e8glement g\u00e9n\u00e9ral sur la protection des donn\u00e9es (RGPD) et aux lois locales pertinentes. Cet avis de confidentialit\u00e9 explique comment nous collectons, utilisons, partageons et prot\u00e9geons vos donn\u00e9es personnelles lorsque vous visitez notre site web ou utilisez nos services. <\/p><p><strong>1. Collecte des donn\u00e9es<\/strong><\/p><p>Nous recueillons les donn\u00e9es personnelles que vous nous fournissez lorsque vous utilisez notre site web et nos services. Il s&rsquo;agit notamment des informations que vous saisissez dans les formulaires de contact, au cours de la proc\u00e9dure d&rsquo;enregistrement, lorsque vous passez des commandes ou lorsque vous nous contactez pour obtenir de l&rsquo;aide. Les types de donn\u00e9es que nous collectons peuvent \u00eatre les suivants :  <\/p><ul><li>Coordonn\u00e9es telles que le nom, l&rsquo;adresse, l&rsquo;adresse \u00e9lectronique et le num\u00e9ro de t\u00e9l\u00e9phone.<\/li><li>Informations professionnelles, telles que le titre de votre poste et le nom de votre entreprise<\/li><li>le contenu de l&rsquo;utilisateur, tel que le retour d&rsquo;information et les commentaires que vous fournissez<\/li><li>D\u00e9tails de la transaction et du paiement<\/li><li>Donn\u00e9es d&rsquo;utilisation et de connexion collect\u00e9es lorsque vous utilisez nos services<\/li><\/ul><p><strong>2. Utilisation des donn\u00e9es<\/strong><\/p><p>Nous utilisons vos donn\u00e9es personnelles aux fins suivantes :<\/p><ul><li>Fournir et am\u00e9liorer nos services<\/li><li>Gestion de votre compte et de vos commandes<\/li><li>Fournir une assistance \u00e0 la client\u00e8le<\/li><li>vous envoyer du mat\u00e9riel marketing et promotionnel, en fonction de vos pr\u00e9f\u00e9rences<\/li><li>Respecter les obligations l\u00e9gales<\/li><\/ul><p><strong>3. Partage des donn\u00e9es<\/strong><\/p><p>Nous ne partageons pas vos donn\u00e9es avec des tiers, sauf :<\/p><ul><li>Lorsque cela est n\u00e9cessaire pour l&rsquo;ex\u00e9cution de nos services par l&rsquo;interm\u00e9diaire de prestataires de services externes<\/li><li>en cas d&rsquo;obligations l\u00e9gales ou pour d\u00e9fendre nos droits et nos biens<\/li><li>en cas de fusion, de vente ou d&rsquo;acquisition de notre entreprise, en tout ou en partie<\/li><\/ul><p><strong>4. S\u00e9curit\u00e9 et stockage<\/strong><\/p><p>Vos donn\u00e9es personnelles sont stock\u00e9es en toute s\u00e9curit\u00e9 et sont prot\u00e9g\u00e9es contre tout acc\u00e8s, utilisation ou divulgation non autoris\u00e9s. Nous prenons des mesures techniques et organisationnelles appropri\u00e9es pour garantir la s\u00e9curit\u00e9 de vos donn\u00e9es. Vos donn\u00e9es seront conserv\u00e9es aussi longtemps que n\u00e9cessaire aux fins \u00e9nonc\u00e9es dans la pr\u00e9sente d\u00e9claration de confidentialit\u00e9, \u00e0 moins qu&rsquo;une p\u00e9riode de conservation plus longue ne soit requise ou justifi\u00e9e par la loi.  <\/p><p><strong>5. Vos droits<\/strong><\/p><p>En vertu de la loi AVG, vous disposez de plusieurs droits en ce qui concerne vos donn\u00e9es \u00e0 caract\u00e8re personnel :<\/p><ul><li>Le droit d&rsquo;acc\u00e8s et de rectification de vos donn\u00e9es<\/li><li>Le droit de s&rsquo;opposer au traitement<\/li><li>Le droit \u00e0 l&rsquo;effacement des donn\u00e9es<\/li><li>Droit \u00e0 la limitation du traitement<\/li><li>Droit \u00e0 la portabilit\u00e9 des donn\u00e9es<\/li><\/ul><p>Pour exercer ces droits, veuillez nous contacter en utilisant les coordonn\u00e9es ci-dessous.<\/p><p><strong>Coordonn\u00e9es de la personne \u00e0 contacter<\/strong><\/p><p>Pour toute question ou demande concernant la pr\u00e9sente d\u00e9claration de confidentialit\u00e9 ou vos donn\u00e9es \u00e0 caract\u00e8re personnel, veuillez nous contacter \u00e0 l&rsquo;adresse suivante :<\/p><ul><li>Courriel : <a rel=\"noopener\">info@smc-eu.com<\/a><\/li><li>T\u00e9l\u00e9phone : +32 13 29 48 01<\/li><li>Adresse postale : Heidestraat 55\/0099, B-3945 Tessenderlo-Ham, Belgique<\/li><\/ul><p>Nous nous r\u00e9servons le droit de modifier cette d\u00e9claration de confidentialit\u00e9 \u00e0 tout moment. Les modifications entreront en vigueur d\u00e8s qu&rsquo;elles seront publi\u00e9es sur notre site web. Nous vous encourageons \u00e0 consulter r\u00e9guli\u00e8rement cette d\u00e9claration de confidentialit\u00e9.  <\/p>\t\t\t\t\t\t\t\t<\/div>\n\t\t\t\t<\/div>\n\t\t\t\t\t<\/div>\n\t\t<\/div>\n\t\t\t\t\t<\/div>\n\t\t<\/section>\n\t\t\t\t<\/div>\n\t\t","protected":false},"excerpt":{"rendered":"<p>Derni\u00e8re mise \u00e0 jour : 04 Jan 2026 D\u00e9claration de confidentialit\u00e9 du SMC Au SMC, nous accordons de l&rsquo;importance \u00e0 votre vie priv\u00e9e et nous nous engageons \u00e0 prot\u00e9ger vos donn\u00e9es personnelles conform\u00e9ment au r\u00e8glement g\u00e9n\u00e9ral sur la protection des donn\u00e9es (RGPD) et aux lois locales pertinentes. Cet avis de confidentialit\u00e9 explique comment nous collectons, [&hellip;]<\/p>\n","protected":false},"author":1,"featured_media":0,"parent":0,"menu_order":0,"comment_status":"closed","ping_status":"closed","template":"","meta":{"footnotes":""},"class_list":["post-8392","page","type-page","status-publish","hentry"],"_links":{"self":[{"href":"https:\/\/www.smc-eu.com\/fr\/wp-json\/wp\/v2\/pages\/8392","targetHints":{"allow":["GET"]}}],"collection":[{"href":"https:\/\/www.smc-eu.com\/fr\/wp-json\/wp\/v2\/pages"}],"about":[{"href":"https:\/\/www.smc-eu.com\/fr\/wp-json\/wp\/v2\/types\/page"}],"author":[{"embeddable":true,"href":"https:\/\/www.smc-eu.com\/fr\/wp-json\/wp\/v2\/users\/1"}],"replies":[{"embeddable":true,"href":"https:\/\/www.smc-eu.com\/fr\/wp-json\/wp\/v2\/comments?post=8392"}],"version-history":[{"count":2,"href":"https:\/\/www.smc-eu.com\/fr\/wp-json\/wp\/v2\/pages\/8392\/revisions"}],"predecessor-version":[{"id":9617,"href":"https:\/\/www.smc-eu.com\/fr\/wp-json\/wp\/v2\/pages\/8392\/revisions\/9617"}],"wp:attachment":[{"href":"https:\/\/www.smc-eu.com\/fr\/wp-json\/wp\/v2\/media?parent=8392"}],"curies":[{"name":"wp","href":"https:\/\/api.w.org\/{rel}","templated":true}]}}