{"id":8314,"date":"2024-09-04T06:49:31","date_gmt":"2024-09-04T06:49:31","guid":{"rendered":"https:\/\/www.smc-eu.com\/personnel-de-securite\/"},"modified":"2025-05-14T10:17:05","modified_gmt":"2025-05-14T10:17:05","slug":"personnel-de-securite","status":"publish","type":"page","link":"https:\/\/www.smc-eu.com\/fr\/personnel-de-securite\/","title":{"rendered":"Personnel de s\u00e9curit\u00e9"},"content":{"rendered":"\t\t<div data-elementor-type=\"wp-page\" data-elementor-id=\"8314\" class=\"elementor elementor-8314 elementor-5566\" data-elementor-settings=\"{&quot;ha_cmc_init_switcher&quot;:&quot;no&quot;}\" data-elementor-post-type=\"page\">\n\t\t\t\t\t\t<section class=\"elementor-section elementor-top-section elementor-element elementor-element-48e95b7c elementor-section-content-middle elementor-section-height-min-height elementor-section-boxed elementor-section-height-default elementor-section-items-middle\" data-id=\"48e95b7c\" data-element_type=\"section\" data-e-type=\"section\" data-settings=\"{&quot;background_background&quot;:&quot;classic&quot;,&quot;jet_parallax_layout_list&quot;:[],&quot;_ha_eqh_enable&quot;:false}\">\n\t\t\t\t\t\t\t<div class=\"elementor-background-overlay\"><\/div>\n\t\t\t\t\t\t\t<div class=\"elementor-container elementor-column-gap-default\">\n\t\t\t\t\t<div class=\"elementor-column elementor-col-50 elementor-top-column elementor-element elementor-element-67b53a63\" data-id=\"67b53a63\" data-element_type=\"column\" data-e-type=\"column\">\n\t\t\t<div class=\"elementor-widget-wrap elementor-element-populated\">\n\t\t\t\t\t\t<div class=\"elementor-element elementor-element-77a0e71f elementor-icon-list--layout-inline elementor-align-start elementor-mobile-align-center elementor-list-item-link-full_width elementor-invisible elementor-widget elementor-widget-icon-list\" data-id=\"77a0e71f\" data-element_type=\"widget\" data-e-type=\"widget\" data-settings=\"{&quot;_animation&quot;:&quot;slideInUp&quot;}\" data-widget_type=\"icon-list.default\">\n\t\t\t\t<div class=\"elementor-widget-container\">\n\t\t\t\t\t\t\t<ul class=\"elementor-icon-list-items elementor-inline-items\">\n\t\t\t\t\t\t\t<li class=\"elementor-icon-list-item elementor-inline-item\">\n\t\t\t\t\t\t\t\t\t\t\t<span class=\"elementor-icon-list-icon\">\n\t\t\t\t\t\t\t<svg xmlns=\"http:\/\/www.w3.org\/2000\/svg\" id=\"Layer_1\" data-name=\"Layer 1\" viewBox=\"0 0 80.9 89.2\"><defs><style>      .cls-1 {        fill: #e2161b;        stroke-width: 0px;      }    <\/style><\/defs><path class=\"cls-1\" d=\"M25.5,44.3c6.2,0,12.4,0,18.6,0,4.8,0,9.5,4.6,9.5,9.4,0,9.9,0,19.8,0,29.6,0,2.8-3.2,5.9-6.1,5.9-.2,0-.4,0-.6,0-4.9,0-7.8-2.9-7.8-7.9,0-6.7,0-13.5,0-20.2,0-2.3-.2-2.5-2.5-2.5-10,0-19.9,0-29.9,0-4.2,0-6.7-2.4-6.7-6.5,0-5.4,2.4-7.9,7.9-7.9,5.9,0,11.7,0,17.6,0Z\"><\/path><path class=\"cls-1\" d=\"M54.7,40.5c-6.2,0-12.4,0-18.6,0-4.4,0-9.2-4.7-9.2-9.1,0-8.4,0-16.8,0-25.1,0-2.9,2-5.3,4.9-6,5.3-1.3,9.8,3.2,9.6,7.6-.2,5.1,0,10.2,0,15.3,0,2.8,0,2.9,2.8,2.9,9.9,0,19.8.1,29.7,0,3.4,0,6.1,2.9,6.7,5.1.8,3.3-.3,6-3.2,8-1.5,1.1-3.1,1.4-5,1.4-5.9,0-11.9,0-17.8,0Z\"><\/path><\/svg>\t\t\t\t\t\t<\/span>\n\t\t\t\t\t\t\t\t\t\t<span class=\"elementor-icon-list-text\">SMC - Votre s\u00e9curit\u00e9, notre affaire<\/span>\n\t\t\t\t\t\t\t\t\t<\/li>\n\t\t\t\t\t\t<\/ul>\n\t\t\t\t\t\t<\/div>\n\t\t\t\t<\/div>\n\t\t\t\t<div class=\"elementor-element elementor-element-2e41483 elementor-invisible elementor-widget elementor-widget-icon-box\" data-id=\"2e41483\" data-element_type=\"widget\" data-e-type=\"widget\" data-settings=\"{&quot;_animation&quot;:&quot;fadeInUp&quot;}\" data-widget_type=\"icon-box.default\">\n\t\t\t\t<div class=\"elementor-widget-container\">\n\t\t\t\t\t\t\t<div class=\"elementor-icon-box-wrapper\">\n\n\t\t\t\n\t\t\t\t\t\t<div class=\"elementor-icon-box-content\">\n\n\t\t\t\t\t\t\t\t\t<h2 class=\"elementor-icon-box-title\">\n\t\t\t\t\t\t<span  >\n\t\t\t\t\t\t\tPersonnel de s\u00e9curit\u00e9\t\t\t\t\t\t<\/span>\n\t\t\t\t\t<\/h2>\n\t\t\t\t\n\t\t\t\t\t\t\t\t\t<p class=\"elementor-icon-box-description\">\n\t\t\t\t\t\tLes comp\u00e9tences et l'exp\u00e9rience de nos experts en s\u00e9curit\u00e9 qualifi\u00e9s contribuent de mani\u00e8re significative \u00e0 la s\u00e9curit\u00e9 de votre lieu de travail.\nIls garantissent que toutes les op\u00e9rations se d\u00e9roulent sans heurts, efficacement et dans le respect des normes de s\u00e9curit\u00e9 les plus strictes. \t\t\t\t\t<\/p>\n\t\t\t\t\n\t\t\t<\/div>\n\t\t\t\n\t\t<\/div>\n\t\t\t\t\t\t<\/div>\n\t\t\t\t<\/div>\n\t\t\t\t\t<\/div>\n\t\t<\/div>\n\t\t\t\t<div class=\"elementor-column elementor-col-50 elementor-top-column elementor-element elementor-element-e630dd1\" data-id=\"e630dd1\" data-element_type=\"column\" data-e-type=\"column\">\n\t\t\t<div class=\"elementor-widget-wrap elementor-element-populated\">\n\t\t\t\t\t\t<div class=\"elementor-element elementor-element-13084e82 elementor-hidden-mobile elementor-widget__width-auto elementor-absolute elementor-widget elementor-widget-image\" data-id=\"13084e82\" data-element_type=\"widget\" data-e-type=\"widget\" data-settings=\"{&quot;ha_floating_fx_rotate_x&quot;:{&quot;unit&quot;:&quot;px&quot;,&quot;size&quot;:&quot;&quot;,&quot;sizes&quot;:{&quot;from&quot;:0,&quot;to&quot;:0}},&quot;ha_floating_fx_rotate_y&quot;:{&quot;unit&quot;:&quot;px&quot;,&quot;size&quot;:&quot;&quot;,&quot;sizes&quot;:{&quot;from&quot;:0,&quot;to&quot;:0}},&quot;ha_floating_fx_rotate_z&quot;:{&quot;unit&quot;:&quot;px&quot;,&quot;size&quot;:&quot;&quot;,&quot;sizes&quot;:{&quot;from&quot;:-180,&quot;to&quot;:180}},&quot;ha_floating_fx_rotate_duration&quot;:{&quot;unit&quot;:&quot;px&quot;,&quot;size&quot;:5700,&quot;sizes&quot;:[]},&quot;_position&quot;:&quot;absolute&quot;,&quot;ha_floating_fx&quot;:&quot;yes&quot;,&quot;ha_floating_fx_rotate_toggle&quot;:&quot;yes&quot;,&quot;ha_floating_fx_rotate_delay&quot;:{&quot;unit&quot;:&quot;px&quot;,&quot;size&quot;:&quot;&quot;,&quot;sizes&quot;:[]}}\" data-widget_type=\"image.default\">\n\t\t\t\t<div class=\"elementor-widget-container\">\n\t\t\t\t\t\t\t\t\t\t\t\t\t\t\t<img decoding=\"async\" width=\"81\" height=\"89\" src=\"https:\/\/www.smc-eu.com\/wp-content\/uploads\/2024\/06\/logo-favicon-smc.svg\" class=\"attachment-full size-full wp-image-34\" alt=\"\">\t\t\t\t\t\t\t\t\t\t\t\t\t\t\t<\/div>\n\t\t\t\t<\/div>\n\t\t\t\t\t<\/div>\n\t\t<\/div>\n\t\t\t\t\t<\/div>\n\t\t<\/section>\n\t\t\t\t<section class=\"elementor-section elementor-top-section elementor-element elementor-element-42827d9f elementor-section-content-middle elementor-section-boxed elementor-section-height-default elementor-section-height-default\" data-id=\"42827d9f\" data-element_type=\"section\" data-e-type=\"section\" data-settings=\"{&quot;jet_parallax_layout_list&quot;:[],&quot;background_background&quot;:&quot;classic&quot;,&quot;_ha_eqh_enable&quot;:false}\">\n\t\t\t\t\t\t<div class=\"elementor-container elementor-column-gap-no\">\n\t\t\t\t\t<div class=\"elementor-column elementor-col-100 elementor-top-column elementor-element elementor-element-24543fb2\" data-id=\"24543fb2\" data-element_type=\"column\" data-e-type=\"column\">\n\t\t\t<div class=\"elementor-widget-wrap elementor-element-populated\">\n\t\t\t\t\t\t<div class=\"elementor-element elementor-element-728544 elementor-icon-list--layout-inline elementor-align-center elementor-mobile-align-center elementor-list-item-link-full_width elementor-invisible elementor-widget elementor-widget-icon-list\" data-id=\"728544\" data-element_type=\"widget\" data-e-type=\"widget\" data-settings=\"{&quot;_animation&quot;:&quot;slideInUp&quot;}\" data-widget_type=\"icon-list.default\">\n\t\t\t\t<div class=\"elementor-widget-container\">\n\t\t\t\t\t\t\t<ul class=\"elementor-icon-list-items elementor-inline-items\">\n\t\t\t\t\t\t\t<li class=\"elementor-icon-list-item elementor-inline-item\">\n\t\t\t\t\t\t\t\t\t\t\t<span class=\"elementor-icon-list-icon\">\n\t\t\t\t\t\t\t<svg xmlns=\"http:\/\/www.w3.org\/2000\/svg\" id=\"Layer_1\" data-name=\"Layer 1\" viewBox=\"0 0 80.9 89.2\"><defs><style>      .cls-1 {        fill: #e2161b;        stroke-width: 0px;      }    <\/style><\/defs><path class=\"cls-1\" d=\"M25.5,44.3c6.2,0,12.4,0,18.6,0,4.8,0,9.5,4.6,9.5,9.4,0,9.9,0,19.8,0,29.6,0,2.8-3.2,5.9-6.1,5.9-.2,0-.4,0-.6,0-4.9,0-7.8-2.9-7.8-7.9,0-6.7,0-13.5,0-20.2,0-2.3-.2-2.5-2.5-2.5-10,0-19.9,0-29.9,0-4.2,0-6.7-2.4-6.7-6.5,0-5.4,2.4-7.9,7.9-7.9,5.9,0,11.7,0,17.6,0Z\"><\/path><path class=\"cls-1\" d=\"M54.7,40.5c-6.2,0-12.4,0-18.6,0-4.4,0-9.2-4.7-9.2-9.1,0-8.4,0-16.8,0-25.1,0-2.9,2-5.3,4.9-6,5.3-1.3,9.8,3.2,9.6,7.6-.2,5.1,0,10.2,0,15.3,0,2.8,0,2.9,2.8,2.9,9.9,0,19.8.1,29.7,0,3.4,0,6.1,2.9,6.7,5.1.8,3.3-.3,6-3.2,8-1.5,1.1-3.1,1.4-5,1.4-5.9,0-11.9,0-17.8,0Z\"><\/path><\/svg>\t\t\t\t\t\t<\/span>\n\t\t\t\t\t\t\t\t\t\t<span class=\"elementor-icon-list-text\">votre s\u00e9curit\u00e9 notre activit\u00e9<\/span>\n\t\t\t\t\t\t\t\t\t<\/li>\n\t\t\t\t\t\t<\/ul>\n\t\t\t\t\t\t<\/div>\n\t\t\t\t<\/div>\n\t\t\t\t<div class=\"elementor-element elementor-element-46f1ef4a elementor-widget elementor-widget-heading\" data-id=\"46f1ef4a\" data-element_type=\"widget\" data-e-type=\"widget\" data-widget_type=\"heading.default\">\n\t\t\t\t<div class=\"elementor-widget-container\">\n\t\t\t\t\t<h2 class=\"elementor-heading-title elementor-size-default\">D\u00e9couvrez notre personnel de s\u00e9curit\u00e9<\/h2>\t\t\t\t<\/div>\n\t\t\t\t<\/div>\n\t\t\t\t\t<\/div>\n\t\t<\/div>\n\t\t\t\t\t<\/div>\n\t\t<\/section>\n\t\t<div class=\"elementor-element elementor-element-25fcdf4d e-flex e-con-boxed e-con e-parent\" data-id=\"25fcdf4d\" data-element_type=\"container\" data-e-type=\"container\" data-settings=\"{&quot;background_background&quot;:&quot;classic&quot;,&quot;jet_parallax_layout_list&quot;:[],&quot;_ha_eqh_enable&quot;:false}\">\n\t\t\t\t\t<div class=\"e-con-inner\">\n\t\t<div class=\"elementor-element elementor-element-1cda5d23 e-con-full e-flex e-con e-child\" data-id=\"1cda5d23\" data-element_type=\"container\" data-e-type=\"container\" data-settings=\"{&quot;jet_parallax_layout_list&quot;:[],&quot;_ha_eqh_enable&quot;:false}\">\n\t\t\t\t<div class=\"elementor-element elementor-element-27568d7a elementor-cta--skin-cover elementor-cta--valign-bottom elementor-widget__width-inherit elementor-widget-tablet__width-initial elementor-widget-mobile__width-inherit image-with-gradient elementor-animated-content elementor-bg-transform elementor-bg-transform-zoom-in ha-has-bg-overlay elementor-widget elementor-widget-call-to-action\" data-id=\"27568d7a\" data-element_type=\"widget\" data-e-type=\"widget\" data-widget_type=\"call-to-action.default\">\n\t\t\t\t<div class=\"elementor-widget-container\">\n\t\t\t\t\t\t\t<a class=\"elementor-cta\" href=\"https:\/\/www.smc-eu.com\/fr\/equipe-de-sauvetage\/\">\n\t\t\t\t\t<div class=\"elementor-cta__bg-wrapper\">\n\t\t\t\t<div class=\"elementor-cta__bg elementor-bg\" style=\"background-image: url(https:\/\/www.smc-eu.com\/wp-content\/uploads\/2024\/06\/IMG_0528-1024x683.webp);\" role=\"img\" aria-label=\"Professioneel rescue team tijdens een reddingsoperatie\"><\/div>\n\t\t\t\t<div class=\"elementor-cta__bg-overlay\"><\/div>\n\t\t\t<\/div>\n\t\t\t\t\t\t\t<div class=\"elementor-cta__content\">\n\t\t\t\t\n\t\t\t\t\t\t\t\t\t<h2 class=\"elementor-cta__title elementor-cta__content-item elementor-content-item elementor-animated-item--move-up\">\n\t\t\t\t\t\t\u00c9quipe de sauvetage\t\t\t\t\t<\/h2>\n\t\t\t\t\n\t\t\t\t\n\t\t\t\t\t\t\t<\/div>\n\t\t\t\t\t\t<\/a>\n\t\t\t\t\t\t<\/div>\n\t\t\t\t<\/div>\n\t\t\t\t<div class=\"elementor-element elementor-element-8c2fb5f elementor-cta--skin-cover elementor-cta--valign-bottom elementor-widget__width-inherit elementor-widget-tablet__width-initial elementor-widget-mobile__width-inherit image-with-gradient elementor-animated-content elementor-bg-transform elementor-bg-transform-zoom-in ha-has-bg-overlay elementor-widget elementor-widget-call-to-action\" data-id=\"8c2fb5f\" data-element_type=\"widget\" data-e-type=\"widget\" data-widget_type=\"call-to-action.default\">\n\t\t\t\t<div class=\"elementor-widget-container\">\n\t\t\t\t\t\t\t<a class=\"elementor-cta\" href=\"https:\/\/www.smc-eu.com\/fr\/pompiers-et-agents-de-securite\/\">\n\t\t\t\t\t<div class=\"elementor-cta__bg-wrapper\">\n\t\t\t\t<div class=\"elementor-cta__bg elementor-bg\" style=\"background-image: url(https:\/\/www.smc-eu.com\/wp-content\/uploads\/2024\/08\/2781eac6-ada4-430a-9694-26f21731bd64-1536x1370.jpg);\" role=\"img\" aria-label=\"Brand-&amp; Veiligheidswachten - SMC - Veiligheidspersoneel\"><\/div>\n\t\t\t\t<div class=\"elementor-cta__bg-overlay\"><\/div>\n\t\t\t<\/div>\n\t\t\t\t\t\t\t<div class=\"elementor-cta__content\">\n\t\t\t\t\n\t\t\t\t\t\t\t\t\t<h2 class=\"elementor-cta__title elementor-cta__content-item elementor-content-item elementor-animated-item--move-up\">\n\t\t\t\t\t\tPompiers et agents de s\u00e9curit\u00e9\t\t\t\t\t<\/h2>\n\t\t\t\t\n\t\t\t\t\n\t\t\t\t\t\t\t<\/div>\n\t\t\t\t\t\t<\/a>\n\t\t\t\t\t\t<\/div>\n\t\t\t\t<\/div>\n\t\t\t\t<div class=\"elementor-element elementor-element-330418bd elementor-cta--skin-cover elementor-cta--valign-bottom elementor-widget__width-inherit elementor-widget-tablet__width-initial elementor-widget-mobile__width-inherit image-with-gradient elementor-animated-content elementor-bg-transform elementor-bg-transform-zoom-in ha-has-bg-overlay elementor-widget elementor-widget-call-to-action\" data-id=\"330418bd\" data-element_type=\"widget\" data-e-type=\"widget\" data-widget_type=\"call-to-action.default\">\n\t\t\t\t<div class=\"elementor-widget-container\">\n\t\t\t\t\t\t\t<a class=\"elementor-cta\" href=\"https:\/\/www.smc-eu.com\/fr\/securite-polyvalente\/\">\n\t\t\t\t\t<div class=\"elementor-cta__bg-wrapper\">\n\t\t\t\t<div class=\"elementor-cta__bg elementor-bg\" style=\"background-image: url(https:\/\/www.smc-eu.com\/wp-content\/uploads\/2024\/09\/482a790f-a656-46ed-b3aa-1b3e85a63bcd-682x1024.jpg);\" role=\"img\" aria-label=\"482a790f-a656-46ed-b3aa-1b3e85a63bcd\"><\/div>\n\t\t\t\t<div class=\"elementor-cta__bg-overlay\"><\/div>\n\t\t\t<\/div>\n\t\t\t\t\t\t\t<div class=\"elementor-cta__content\">\n\t\t\t\t\n\t\t\t\t\t\t\t\t\t<h2 class=\"elementor-cta__title elementor-cta__content-item elementor-content-item elementor-animated-item--move-up\">\n\t\t\t\t\t\tS\u00e9curit\u00e9 polyvalente\t\t\t\t\t<\/h2>\n\t\t\t\t\n\t\t\t\t\n\t\t\t\t\t\t\t<\/div>\n\t\t\t\t\t\t<\/a>\n\t\t\t\t\t\t<\/div>\n\t\t\t\t<\/div>\n\t\t\t\t<div class=\"elementor-element elementor-element-f099cb4 elementor-cta--skin-cover elementor-cta--valign-bottom elementor-widget__width-inherit elementor-widget-tablet__width-initial elementor-widget-mobile__width-inherit image-with-gradient elementor-animated-content elementor-bg-transform elementor-bg-transform-zoom-in ha-has-bg-overlay elementor-widget elementor-widget-call-to-action\" data-id=\"f099cb4\" data-element_type=\"widget\" data-e-type=\"widget\" data-widget_type=\"call-to-action.default\">\n\t\t\t\t<div class=\"elementor-widget-container\">\n\t\t\t\t\t\t\t<a class=\"elementor-cta\" href=\"https:\/\/www.smc-eu.com\/fr\/analystes-du-gaz\/\">\n\t\t\t\t\t<div class=\"elementor-cta__bg-wrapper\">\n\t\t\t\t<div class=\"elementor-cta__bg elementor-bg\" style=\"background-image: url(https:\/\/www.smc-eu.com\/wp-content\/uploads\/2024\/06\/Picture-05.webp);\" role=\"img\" aria-label=\"Directindustry\"><\/div>\n\t\t\t\t<div class=\"elementor-cta__bg-overlay\"><\/div>\n\t\t\t<\/div>\n\t\t\t\t\t\t\t<div class=\"elementor-cta__content\">\n\t\t\t\t\n\t\t\t\t\t\t\t\t\t<h2 class=\"elementor-cta__title elementor-cta__content-item elementor-content-item elementor-animated-item--move-up\">\n\t\t\t\t\t\tAnalystes du gaz\t\t\t\t\t<\/h2>\n\t\t\t\t\n\t\t\t\t\n\t\t\t\t\t\t\t<\/div>\n\t\t\t\t\t\t<\/a>\n\t\t\t\t\t\t<\/div>\n\t\t\t\t<\/div>\n\t\t\t\t<\/div>\n\t\t<div class=\"elementor-element elementor-element-2ff1df71 e-con-full e-flex e-con e-child\" data-id=\"2ff1df71\" data-element_type=\"container\" data-e-type=\"container\" data-settings=\"{&quot;jet_parallax_layout_list&quot;:[],&quot;_ha_eqh_enable&quot;:false}\">\n\t\t\t\t<div class=\"elementor-element elementor-element-72126f32 elementor-cta--skin-cover elementor-cta--valign-bottom elementor-widget__width-initial elementor-widget-tablet__width-initial elementor-widget-mobile__width-inherit image-with-gradient elementor-animated-content elementor-bg-transform elementor-bg-transform-zoom-in ha-has-bg-overlay elementor-widget elementor-widget-call-to-action\" data-id=\"72126f32\" data-element_type=\"widget\" data-e-type=\"widget\" data-widget_type=\"call-to-action.default\">\n\t\t\t\t<div class=\"elementor-widget-container\">\n\t\t\t\t\t\t\t<a class=\"elementor-cta\" href=\"https:\/\/www.smc-eu.com\/fr\/superviseurs-de-la-securite\/\">\n\t\t\t\t\t<div class=\"elementor-cta__bg-wrapper\">\n\t\t\t\t<div class=\"elementor-cta__bg elementor-bg\" style=\"background-image: url(https:\/\/www.smc-eu.com\/wp-content\/uploads\/2024\/09\/Monitor-smc-682x1024.jpg);\" role=\"img\" aria-label=\"SMC Veiligheidspersoneel - Veiligheidstoezichters\"><\/div>\n\t\t\t\t<div class=\"elementor-cta__bg-overlay\"><\/div>\n\t\t\t<\/div>\n\t\t\t\t\t\t\t<div class=\"elementor-cta__content\">\n\t\t\t\t\n\t\t\t\t\t\t\t\t\t<h2 class=\"elementor-cta__title elementor-cta__content-item elementor-content-item elementor-animated-item--move-up\">\n\t\t\t\t\t\tSuperviseurs de la s\u00e9curit\u00e9\t\t\t\t\t<\/h2>\n\t\t\t\t\n\t\t\t\t\n\t\t\t\t\t\t\t<\/div>\n\t\t\t\t\t\t<\/a>\n\t\t\t\t\t\t<\/div>\n\t\t\t\t<\/div>\n\t\t\t\t<div class=\"elementor-element elementor-element-25cd96df elementor-cta--skin-cover elementor-cta--valign-bottom elementor-widget__width-initial elementor-widget-tablet__width-initial elementor-widget-mobile__width-inherit image-with-gradient elementor-animated-content elementor-bg-transform elementor-bg-transform-zoom-in ha-has-bg-overlay elementor-widget elementor-widget-call-to-action\" data-id=\"25cd96df\" data-element_type=\"widget\" data-e-type=\"widget\" data-widget_type=\"call-to-action.default\">\n\t\t\t\t<div class=\"elementor-widget-container\">\n\t\t\t\t\t\t\t<a class=\"elementor-cta\" href=\"https:\/\/www.smc-eu.com\/fr\/inspecteurs-dechafaudages\/\">\n\t\t\t\t\t<div class=\"elementor-cta__bg-wrapper\">\n\t\t\t\t<div class=\"elementor-cta__bg elementor-bg\" style=\"background-image: url(https:\/\/www.smc-eu.com\/wp-content\/uploads\/2024\/06\/IMG_3910-scaled-1-683x1024.jpg);\" role=\"img\" aria-label=\"SMC veiligheidstrainingen in een klasomgeving\"><\/div>\n\t\t\t\t<div class=\"elementor-cta__bg-overlay\"><\/div>\n\t\t\t<\/div>\n\t\t\t\t\t\t\t<div class=\"elementor-cta__content\">\n\t\t\t\t\n\t\t\t\t\t\t\t\t\t<h2 class=\"elementor-cta__title elementor-cta__content-item elementor-content-item elementor-animated-item--move-up\">\n\t\t\t\t\t\tInspecteurs d'\u00e9chafaudages\t\t\t\t\t<\/h2>\n\t\t\t\t\n\t\t\t\t\n\t\t\t\t\t\t\t<\/div>\n\t\t\t\t\t\t<\/a>\n\t\t\t\t\t\t<\/div>\n\t\t\t\t<\/div>\n\t\t\t\t<div class=\"elementor-element elementor-element-31045f40 elementor-cta--skin-cover elementor-cta--valign-bottom elementor-widget__width-initial elementor-widget-tablet__width-initial elementor-widget-mobile__width-inherit image-with-gradient elementor-animated-content elementor-bg-transform elementor-bg-transform-zoom-in ha-has-bg-overlay elementor-widget elementor-widget-call-to-action\" data-id=\"31045f40\" data-element_type=\"widget\" data-e-type=\"widget\" data-widget_type=\"call-to-action.default\">\n\t\t\t\t<div class=\"elementor-widget-container\">\n\t\t\t\t\t\t\t<a class=\"elementor-cta\" href=\"https:\/\/www.smc-eu.com\/fr\/fonctions-du-coordinateur\/\">\n\t\t\t\t\t<div class=\"elementor-cta__bg-wrapper\">\n\t\t\t\t<div class=\"elementor-cta__bg elementor-bg\" style=\"background-image: url(https:\/\/www.smc-eu.com\/wp-content\/uploads\/2024\/09\/a244b3ba-82ff-4a1f-9647-1ee8ebe27f95-461x1024.jpg);\" role=\"img\" aria-label=\"Veiligheidsmedewerker op locatie voor inspectie\"><\/div>\n\t\t\t\t<div class=\"elementor-cta__bg-overlay\"><\/div>\n\t\t\t<\/div>\n\t\t\t\t\t\t\t<div class=\"elementor-cta__content\">\n\t\t\t\t\n\t\t\t\t\t\t\t\t\t<h2 class=\"elementor-cta__title elementor-cta__content-item elementor-content-item elementor-animated-item--move-up\">\n\t\t\t\t\t\tCoordinateurs de la s\u00e9curit\u00e9\t\t\t\t\t<\/h2>\n\t\t\t\t\n\t\t\t\t\n\t\t\t\t\t\t\t<\/div>\n\t\t\t\t\t\t<\/a>\n\t\t\t\t\t\t<\/div>\n\t\t\t\t<\/div>\n\t\t\t\t<\/div>\n\t\t\t\t\t<\/div>\n\t\t\t\t<\/div>\n\t\t\t\t<\/div>\n\t\t","protected":false},"excerpt":{"rendered":"<p>SMC &#8211; Votre s\u00e9curit\u00e9, notre affaire Personnel de s\u00e9curit\u00e9 Les comp\u00e9tences et l&rsquo;exp\u00e9rience de nos experts en s\u00e9curit\u00e9 qualifi\u00e9s contribuent de mani\u00e8re significative \u00e0 la s\u00e9curit\u00e9 de votre lieu de travail. Ils garantissent que toutes les op\u00e9rations se d\u00e9roulent sans heurts, efficacement et dans le respect des normes de s\u00e9curit\u00e9 les plus strictes. votre s\u00e9curit\u00e9 [&hellip;]<\/p>\n","protected":false},"author":1,"featured_media":0,"parent":0,"menu_order":0,"comment_status":"closed","ping_status":"closed","template":"","meta":{"footnotes":""},"class_list":["post-8314","page","type-page","status-publish","hentry"],"_links":{"self":[{"href":"https:\/\/www.smc-eu.com\/fr\/wp-json\/wp\/v2\/pages\/8314","targetHints":{"allow":["GET"]}}],"collection":[{"href":"https:\/\/www.smc-eu.com\/fr\/wp-json\/wp\/v2\/pages"}],"about":[{"href":"https:\/\/www.smc-eu.com\/fr\/wp-json\/wp\/v2\/types\/page"}],"author":[{"embeddable":true,"href":"https:\/\/www.smc-eu.com\/fr\/wp-json\/wp\/v2\/users\/1"}],"replies":[{"embeddable":true,"href":"https:\/\/www.smc-eu.com\/fr\/wp-json\/wp\/v2\/comments?post=8314"}],"version-history":[{"count":8,"href":"https:\/\/www.smc-eu.com\/fr\/wp-json\/wp\/v2\/pages\/8314\/revisions"}],"predecessor-version":[{"id":9343,"href":"https:\/\/www.smc-eu.com\/fr\/wp-json\/wp\/v2\/pages\/8314\/revisions\/9343"}],"wp:attachment":[{"href":"https:\/\/www.smc-eu.com\/fr\/wp-json\/wp\/v2\/media?parent=8314"}],"curies":[{"name":"wp","href":"https:\/\/api.w.org\/{rel}","templated":true}]}}