{"id":8193,"date":"2024-07-12T10:57:00","date_gmt":"2024-07-12T10:57:00","guid":{"rendered":"https:\/\/www.smc-eu.com\/services-de-securite\/"},"modified":"2024-09-23T15:01:29","modified_gmt":"2024-09-23T15:01:29","slug":"services-de-securite","status":"publish","type":"page","link":"https:\/\/www.smc-eu.com\/fr\/services-de-securite\/","title":{"rendered":"Services de s\u00e9curit\u00e9"},"content":{"rendered":"\t\t<div data-elementor-type=\"wp-page\" data-elementor-id=\"8193\" class=\"elementor elementor-8193 elementor-3345\" data-elementor-settings=\"{&quot;ha_cmc_init_switcher&quot;:&quot;no&quot;}\" data-elementor-post-type=\"page\">\n\t\t\t\t\t\t<section class=\"elementor-section elementor-top-section elementor-element elementor-element-78cf24ac elementor-section-content-middle elementor-section-height-min-height elementor-section-boxed elementor-section-height-default elementor-section-items-middle\" data-id=\"78cf24ac\" data-element_type=\"section\" data-e-type=\"section\" data-settings=\"{&quot;background_background&quot;:&quot;classic&quot;,&quot;jet_parallax_layout_list&quot;:[],&quot;_ha_eqh_enable&quot;:false}\">\n\t\t\t\t\t\t\t<div class=\"elementor-background-overlay\"><\/div>\n\t\t\t\t\t\t\t<div class=\"elementor-container elementor-column-gap-default\">\n\t\t\t\t\t<div class=\"elementor-column elementor-col-50 elementor-top-column elementor-element elementor-element-33dcd8ed\" data-id=\"33dcd8ed\" data-element_type=\"column\" data-e-type=\"column\">\n\t\t\t<div class=\"elementor-widget-wrap elementor-element-populated\">\n\t\t\t\t\t\t<div class=\"elementor-element elementor-element-50856d6d elementor-icon-list--layout-inline elementor-align-start elementor-mobile-align-center elementor-list-item-link-full_width elementor-invisible elementor-widget elementor-widget-icon-list\" data-id=\"50856d6d\" data-element_type=\"widget\" data-e-type=\"widget\" data-settings=\"{&quot;_animation&quot;:&quot;slideInUp&quot;}\" data-widget_type=\"icon-list.default\">\n\t\t\t\t<div class=\"elementor-widget-container\">\n\t\t\t\t\t\t\t<ul class=\"elementor-icon-list-items elementor-inline-items\">\n\t\t\t\t\t\t\t<li class=\"elementor-icon-list-item elementor-inline-item\">\n\t\t\t\t\t\t\t\t\t\t\t<span class=\"elementor-icon-list-icon\">\n\t\t\t\t\t\t\t<svg xmlns=\"http:\/\/www.w3.org\/2000\/svg\" id=\"Layer_1\" data-name=\"Layer 1\" viewBox=\"0 0 80.9 89.2\"><defs><style>      .cls-1 {        fill: #e2161b;        stroke-width: 0px;      }    <\/style><\/defs><path class=\"cls-1\" d=\"M25.5,44.3c6.2,0,12.4,0,18.6,0,4.8,0,9.5,4.6,9.5,9.4,0,9.9,0,19.8,0,29.6,0,2.8-3.2,5.9-6.1,5.9-.2,0-.4,0-.6,0-4.9,0-7.8-2.9-7.8-7.9,0-6.7,0-13.5,0-20.2,0-2.3-.2-2.5-2.5-2.5-10,0-19.9,0-29.9,0-4.2,0-6.7-2.4-6.7-6.5,0-5.4,2.4-7.9,7.9-7.9,5.9,0,11.7,0,17.6,0Z\"><\/path><path class=\"cls-1\" d=\"M54.7,40.5c-6.2,0-12.4,0-18.6,0-4.4,0-9.2-4.7-9.2-9.1,0-8.4,0-16.8,0-25.1,0-2.9,2-5.3,4.9-6,5.3-1.3,9.8,3.2,9.6,7.6-.2,5.1,0,10.2,0,15.3,0,2.8,0,2.9,2.8,2.9,9.9,0,19.8.1,29.7,0,3.4,0,6.1,2.9,6.7,5.1.8,3.3-.3,6-3.2,8-1.5,1.1-3.1,1.4-5,1.4-5.9,0-11.9,0-17.8,0Z\"><\/path><\/svg>\t\t\t\t\t\t<\/span>\n\t\t\t\t\t\t\t\t\t\t<span class=\"elementor-icon-list-text\">SMC - Votre s\u00e9curit\u00e9, notre affaire<\/span>\n\t\t\t\t\t\t\t\t\t<\/li>\n\t\t\t\t\t\t<\/ul>\n\t\t\t\t\t\t<\/div>\n\t\t\t\t<\/div>\n\t\t\t\t<div class=\"elementor-element elementor-element-55a46528 elementor-invisible elementor-widget elementor-widget-icon-box\" data-id=\"55a46528\" data-element_type=\"widget\" data-e-type=\"widget\" data-settings=\"{&quot;_animation&quot;:&quot;fadeInUp&quot;}\" data-widget_type=\"icon-box.default\">\n\t\t\t\t<div class=\"elementor-widget-container\">\n\t\t\t\t\t\t\t<div class=\"elementor-icon-box-wrapper\">\n\n\t\t\t\n\t\t\t\t\t\t<div class=\"elementor-icon-box-content\">\n\n\t\t\t\t\t\t\t\t\t<h2 class=\"elementor-icon-box-title\">\n\t\t\t\t\t\t<span  >\n\t\t\t\t\t\t\tServices de s\u00e9curit\u00e9\t\t\t\t\t\t<\/span>\n\t\t\t\t\t<\/h2>\n\t\t\t\t\n\t\t\t\t\t\t\t\t\t<p class=\"elementor-icon-box-description\">\n\t\t\t\t\t\tL'expertise et le savoir-faire technique de nos sp\u00e9cialistes de la s\u00e9curit\u00e9 hautement qualifi\u00e9s font une diff\u00e9rence vitale sur votre site.\nIls veillent \u00e0 ce que vos op\u00e9rations se d\u00e9roulent sans heurts, efficacement et en toute s\u00e9curit\u00e9. \t\t\t\t\t<\/p>\n\t\t\t\t\n\t\t\t<\/div>\n\t\t\t\n\t\t<\/div>\n\t\t\t\t\t\t<\/div>\n\t\t\t\t<\/div>\n\t\t\t\t\t<\/div>\n\t\t<\/div>\n\t\t\t\t<div class=\"elementor-column elementor-col-50 elementor-top-column elementor-element elementor-element-32e896cc\" data-id=\"32e896cc\" data-element_type=\"column\" data-e-type=\"column\">\n\t\t\t<div class=\"elementor-widget-wrap elementor-element-populated\">\n\t\t\t\t\t\t<div class=\"elementor-element elementor-element-2a731615 elementor-hidden-mobile elementor-widget__width-auto elementor-absolute elementor-widget elementor-widget-image\" data-id=\"2a731615\" data-element_type=\"widget\" data-e-type=\"widget\" data-settings=\"{&quot;ha_floating_fx_rotate_x&quot;:{&quot;unit&quot;:&quot;px&quot;,&quot;size&quot;:&quot;&quot;,&quot;sizes&quot;:{&quot;from&quot;:0,&quot;to&quot;:0}},&quot;ha_floating_fx_rotate_y&quot;:{&quot;unit&quot;:&quot;px&quot;,&quot;size&quot;:&quot;&quot;,&quot;sizes&quot;:{&quot;from&quot;:0,&quot;to&quot;:0}},&quot;ha_floating_fx_rotate_z&quot;:{&quot;unit&quot;:&quot;px&quot;,&quot;size&quot;:&quot;&quot;,&quot;sizes&quot;:{&quot;from&quot;:-180,&quot;to&quot;:180}},&quot;ha_floating_fx_rotate_duration&quot;:{&quot;unit&quot;:&quot;px&quot;,&quot;size&quot;:5700,&quot;sizes&quot;:[]},&quot;_position&quot;:&quot;absolute&quot;,&quot;ha_floating_fx&quot;:&quot;yes&quot;,&quot;ha_floating_fx_rotate_toggle&quot;:&quot;yes&quot;,&quot;ha_floating_fx_rotate_delay&quot;:{&quot;unit&quot;:&quot;px&quot;,&quot;size&quot;:&quot;&quot;,&quot;sizes&quot;:[]}}\" data-widget_type=\"image.default\">\n\t\t\t\t<div class=\"elementor-widget-container\">\n\t\t\t\t\t\t\t\t\t\t\t\t\t\t\t<img decoding=\"async\" width=\"81\" height=\"89\" src=\"https:\/\/www.smc-eu.com\/wp-content\/uploads\/2024\/06\/logo-favicon-smc.svg\" class=\"attachment-full size-full wp-image-34\" alt=\"\">\t\t\t\t\t\t\t\t\t\t\t\t\t\t\t<\/div>\n\t\t\t\t<\/div>\n\t\t\t\t\t<\/div>\n\t\t<\/div>\n\t\t\t\t\t<\/div>\n\t\t<\/section>\n\t\t\t\t<section class=\"elementor-section elementor-top-section elementor-element elementor-element-12b4f856 elementor-section-content-middle elementor-section-boxed elementor-section-height-default elementor-section-height-default\" data-id=\"12b4f856\" data-element_type=\"section\" data-e-type=\"section\" data-settings=\"{&quot;jet_parallax_layout_list&quot;:[],&quot;background_background&quot;:&quot;classic&quot;,&quot;_ha_eqh_enable&quot;:false}\">\n\t\t\t\t\t\t<div class=\"elementor-container elementor-column-gap-no\">\n\t\t\t\t\t<div class=\"elementor-column elementor-col-100 elementor-top-column elementor-element elementor-element-4d705fb6\" data-id=\"4d705fb6\" data-element_type=\"column\" data-e-type=\"column\">\n\t\t\t<div class=\"elementor-widget-wrap elementor-element-populated\">\n\t\t\t\t\t\t<div class=\"elementor-element elementor-element-334523c1 elementor-icon-list--layout-inline elementor-align-center elementor-mobile-align-center elementor-list-item-link-full_width elementor-invisible elementor-widget elementor-widget-icon-list\" data-id=\"334523c1\" data-element_type=\"widget\" data-e-type=\"widget\" data-settings=\"{&quot;_animation&quot;:&quot;slideInUp&quot;}\" data-widget_type=\"icon-list.default\">\n\t\t\t\t<div class=\"elementor-widget-container\">\n\t\t\t\t\t\t\t<ul class=\"elementor-icon-list-items elementor-inline-items\">\n\t\t\t\t\t\t\t<li class=\"elementor-icon-list-item elementor-inline-item\">\n\t\t\t\t\t\t\t\t\t\t\t<span class=\"elementor-icon-list-icon\">\n\t\t\t\t\t\t\t<svg xmlns=\"http:\/\/www.w3.org\/2000\/svg\" id=\"Layer_1\" data-name=\"Layer 1\" viewBox=\"0 0 80.9 89.2\"><defs><style>      .cls-1 {        fill: #e2161b;        stroke-width: 0px;      }    <\/style><\/defs><path class=\"cls-1\" d=\"M25.5,44.3c6.2,0,12.4,0,18.6,0,4.8,0,9.5,4.6,9.5,9.4,0,9.9,0,19.8,0,29.6,0,2.8-3.2,5.9-6.1,5.9-.2,0-.4,0-.6,0-4.9,0-7.8-2.9-7.8-7.9,0-6.7,0-13.5,0-20.2,0-2.3-.2-2.5-2.5-2.5-10,0-19.9,0-29.9,0-4.2,0-6.7-2.4-6.7-6.5,0-5.4,2.4-7.9,7.9-7.9,5.9,0,11.7,0,17.6,0Z\"><\/path><path class=\"cls-1\" d=\"M54.7,40.5c-6.2,0-12.4,0-18.6,0-4.4,0-9.2-4.7-9.2-9.1,0-8.4,0-16.8,0-25.1,0-2.9,2-5.3,4.9-6,5.3-1.3,9.8,3.2,9.6,7.6-.2,5.1,0,10.2,0,15.3,0,2.8,0,2.9,2.8,2.9,9.9,0,19.8.1,29.7,0,3.4,0,6.1,2.9,6.7,5.1.8,3.3-.3,6-3.2,8-1.5,1.1-3.1,1.4-5,1.4-5.9,0-11.9,0-17.8,0Z\"><\/path><\/svg>\t\t\t\t\t\t<\/span>\n\t\t\t\t\t\t\t\t\t\t<span class=\"elementor-icon-list-text\">votre s\u00e9curit\u00e9 notre activit\u00e9<\/span>\n\t\t\t\t\t\t\t\t\t<\/li>\n\t\t\t\t\t\t<\/ul>\n\t\t\t\t\t\t<\/div>\n\t\t\t\t<\/div>\n\t\t\t\t<div class=\"elementor-element elementor-element-38709885 elementor-widget elementor-widget-heading\" data-id=\"38709885\" data-element_type=\"widget\" data-e-type=\"widget\" data-widget_type=\"heading.default\">\n\t\t\t\t<div class=\"elementor-widget-container\">\n\t\t\t\t\t<h2 class=\"elementor-heading-title elementor-size-default\">D\u00e9couvrez tous nos services de s\u00e9curit\u00e9<\/h2>\t\t\t\t<\/div>\n\t\t\t\t<\/div>\n\t\t\t\t\t<\/div>\n\t\t<\/div>\n\t\t\t\t\t<\/div>\n\t\t<\/section>\n\t\t<div class=\"elementor-element elementor-element-3b6a40e6 e-flex e-con-boxed e-con e-parent\" data-id=\"3b6a40e6\" data-element_type=\"container\" data-e-type=\"container\" data-settings=\"{&quot;background_background&quot;:&quot;classic&quot;,&quot;jet_parallax_layout_list&quot;:[],&quot;_ha_eqh_enable&quot;:false}\">\n\t\t\t\t\t<div class=\"e-con-inner\">\n\t\t<div class=\"elementor-element elementor-element-7353d722 e-con-full e-flex e-con e-child\" data-id=\"7353d722\" data-element_type=\"container\" data-e-type=\"container\" data-settings=\"{&quot;jet_parallax_layout_list&quot;:[],&quot;_ha_eqh_enable&quot;:false}\">\n\t\t\t\t<div class=\"elementor-element elementor-element-2a0344fc elementor-cta--skin-cover elementor-cta--valign-bottom elementor-widget__width-inherit elementor-widget-tablet__width-initial elementor-widget-mobile__width-inherit image-with-gradient elementor-animated-content elementor-bg-transform elementor-bg-transform-zoom-in ha-has-bg-overlay elementor-widget elementor-widget-call-to-action\" data-id=\"2a0344fc\" data-element_type=\"widget\" data-e-type=\"widget\" data-widget_type=\"call-to-action.default\">\n\t\t\t\t<div class=\"elementor-widget-container\">\n\t\t\t\t\t\t\t<a class=\"elementor-cta\" href=\"https:\/\/www.smc-eu.com\/fr\/gestion-du-redressement\/\">\n\t\t\t\t\t<div class=\"elementor-cta__bg-wrapper\">\n\t\t\t\t<div class=\"elementor-cta__bg elementor-bg\" style=\"background-image: url(https:\/\/www.smc-eu.com\/wp-content\/uploads\/2024\/09\/a244b3ba-82ff-4a1f-9647-1ee8ebe27f95-461x1024.jpg);\" role=\"img\" aria-label=\"Veiligheidsmedewerker op locatie voor inspectie\"><\/div>\n\t\t\t\t<div class=\"elementor-cta__bg-overlay\"><\/div>\n\t\t\t<\/div>\n\t\t\t\t\t\t\t<div class=\"elementor-cta__content\">\n\t\t\t\t\n\t\t\t\t\t\t\t\t\t<h2 class=\"elementor-cta__title elementor-cta__content-item elementor-content-item elementor-animated-item--move-up\">\n\t\t\t\t\t\tGestion du redressement\t\t\t\t\t<\/h2>\n\t\t\t\t\n\t\t\t\t\n\t\t\t\t\t\t\t<\/div>\n\t\t\t\t\t\t<\/a>\n\t\t\t\t\t\t<\/div>\n\t\t\t\t<\/div>\n\t\t\t\t<div class=\"elementor-element elementor-element-3cf4d847 elementor-cta--skin-cover elementor-cta--valign-bottom elementor-widget__width-inherit elementor-widget-tablet__width-initial elementor-widget-mobile__width-inherit image-with-gradient elementor-animated-content elementor-bg-transform elementor-bg-transform-zoom-in ha-has-bg-overlay elementor-widget elementor-widget-call-to-action\" data-id=\"3cf4d847\" data-element_type=\"widget\" data-e-type=\"widget\" data-widget_type=\"call-to-action.default\">\n\t\t\t\t<div class=\"elementor-widget-container\">\n\t\t\t\t\t\t\t<a class=\"elementor-cta\" href=\"https:\/\/www.smc-eu.com\/fr\/atelier-de-securite\/\">\n\t\t\t\t\t<div class=\"elementor-cta__bg-wrapper\">\n\t\t\t\t<div class=\"elementor-cta__bg elementor-bg\" style=\"background-image: url(https:\/\/www.smc-eu.com\/wp-content\/uploads\/2024\/09\/rental-service-singapore-4-3.avif);\" role=\"img\" aria-label=\"rental-service-singapore-4-3\"><\/div>\n\t\t\t\t<div class=\"elementor-cta__bg-overlay\"><\/div>\n\t\t\t<\/div>\n\t\t\t\t\t\t\t<div class=\"elementor-cta__content\">\n\t\t\t\t\n\t\t\t\t\t\t\t\t\t<h2 class=\"elementor-cta__title elementor-cta__content-item elementor-content-item elementor-animated-item--move-up\">\n\t\t\t\t\t\tAtelier de s\u00e9curit\u00e9\t\t\t\t\t<\/h2>\n\t\t\t\t\n\t\t\t\t\n\t\t\t\t\t\t\t<\/div>\n\t\t\t\t\t\t<\/a>\n\t\t\t\t\t\t<\/div>\n\t\t\t\t<\/div>\n\t\t\t\t<div class=\"elementor-element elementor-element-12a2b000 elementor-cta--skin-cover elementor-cta--valign-bottom elementor-widget__width-inherit elementor-widget-tablet__width-initial elementor-widget-mobile__width-inherit image-with-gradient elementor-animated-content elementor-bg-transform elementor-bg-transform-zoom-in ha-has-bg-overlay elementor-widget elementor-widget-call-to-action\" data-id=\"12a2b000\" data-element_type=\"widget\" data-e-type=\"widget\" data-widget_type=\"call-to-action.default\">\n\t\t\t\t<div class=\"elementor-widget-container\">\n\t\t\t\t\t\t\t<a class=\"elementor-cta\" href=\"https:\/\/www.smc-eu.com\/fr\/maintenance-et-service\/\">\n\t\t\t\t\t<div class=\"elementor-cta__bg-wrapper\">\n\t\t\t\t<div class=\"elementor-cta__bg elementor-bg\" style=\"background-image: url(https:\/\/www.smc-eu.com\/wp-content\/uploads\/2024\/09\/IMG_0888.jpg);\" role=\"img\" aria-label=\"SMC - Onderhoudslabo, Veiligheidspersoneel\"><\/div>\n\t\t\t\t<div class=\"elementor-cta__bg-overlay\"><\/div>\n\t\t\t<\/div>\n\t\t\t\t\t\t\t<div class=\"elementor-cta__content\">\n\t\t\t\t\n\t\t\t\t\t\t\t\t\t<h2 class=\"elementor-cta__title elementor-cta__content-item elementor-content-item elementor-animated-item--move-up\">\n\t\t\t\t\t\tMaintenance et service\t\t\t\t\t<\/h2>\n\t\t\t\t\n\t\t\t\t\n\t\t\t\t\t\t\t<\/div>\n\t\t\t\t\t\t<\/a>\n\t\t\t\t\t\t<\/div>\n\t\t\t\t<\/div>\n\t\t\t\t<\/div>\n\t\t\t\t\t<\/div>\n\t\t\t\t<\/div>\n\t\t\t\t<\/div>\n\t\t","protected":false},"excerpt":{"rendered":"<p>SMC &#8211; Votre s\u00e9curit\u00e9, notre affaire Services de s\u00e9curit\u00e9 L&rsquo;expertise et le savoir-faire technique de nos sp\u00e9cialistes de la s\u00e9curit\u00e9 hautement qualifi\u00e9s font une diff\u00e9rence vitale sur votre site. Ils veillent \u00e0 ce que vos op\u00e9rations se d\u00e9roulent sans heurts, efficacement et en toute s\u00e9curit\u00e9. votre s\u00e9curit\u00e9 notre activit\u00e9 D\u00e9couvrez tous nos services de s\u00e9curit\u00e9 [&hellip;]<\/p>\n","protected":false},"author":1,"featured_media":0,"parent":0,"menu_order":0,"comment_status":"closed","ping_status":"closed","template":"","meta":{"footnotes":""},"class_list":["post-8193","page","type-page","status-publish","hentry"],"_links":{"self":[{"href":"https:\/\/www.smc-eu.com\/fr\/wp-json\/wp\/v2\/pages\/8193","targetHints":{"allow":["GET"]}}],"collection":[{"href":"https:\/\/www.smc-eu.com\/fr\/wp-json\/wp\/v2\/pages"}],"about":[{"href":"https:\/\/www.smc-eu.com\/fr\/wp-json\/wp\/v2\/types\/page"}],"author":[{"embeddable":true,"href":"https:\/\/www.smc-eu.com\/fr\/wp-json\/wp\/v2\/users\/1"}],"replies":[{"embeddable":true,"href":"https:\/\/www.smc-eu.com\/fr\/wp-json\/wp\/v2\/comments?post=8193"}],"version-history":[{"count":4,"href":"https:\/\/www.smc-eu.com\/fr\/wp-json\/wp\/v2\/pages\/8193\/revisions"}],"predecessor-version":[{"id":8790,"href":"https:\/\/www.smc-eu.com\/fr\/wp-json\/wp\/v2\/pages\/8193\/revisions\/8790"}],"wp:attachment":[{"href":"https:\/\/www.smc-eu.com\/fr\/wp-json\/wp\/v2\/media?parent=8193"}],"curies":[{"name":"wp","href":"https:\/\/api.w.org\/{rel}","templated":true}]}}