{"id":8192,"date":"2024-07-03T10:03:49","date_gmt":"2024-07-03T10:03:49","guid":{"rendered":"https:\/\/www.smc-eu.com\/actualites\/"},"modified":"2024-09-23T11:59:25","modified_gmt":"2024-09-23T11:59:25","slug":"actualites","status":"publish","type":"page","link":"https:\/\/www.smc-eu.com\/fr\/actualites\/","title":{"rendered":"Actualit\u00e9s"},"content":{"rendered":"\t\t<div data-elementor-type=\"wp-page\" data-elementor-id=\"8192\" class=\"elementor elementor-8192 elementor-2204\" data-elementor-settings=\"{&quot;ha_cmc_init_switcher&quot;:&quot;no&quot;}\" data-elementor-post-type=\"page\">\n\t\t\t\t\t\t<section class=\"elementor-section elementor-top-section elementor-element elementor-element-7116503 elementor-section-content-middle elementor-section-height-min-height elementor-section-boxed elementor-section-height-default elementor-section-items-middle\" data-id=\"7116503\" data-element_type=\"section\" data-e-type=\"section\" data-settings=\"{&quot;background_background&quot;:&quot;classic&quot;,&quot;jet_parallax_layout_list&quot;:[],&quot;_ha_eqh_enable&quot;:false}\">\n\t\t\t\t\t\t\t<div class=\"elementor-background-overlay\"><\/div>\n\t\t\t\t\t\t\t<div class=\"elementor-container elementor-column-gap-default\">\n\t\t\t\t\t<div class=\"elementor-column elementor-col-50 elementor-top-column elementor-element elementor-element-a09f446\" data-id=\"a09f446\" data-element_type=\"column\" data-e-type=\"column\">\n\t\t\t<div class=\"elementor-widget-wrap elementor-element-populated\">\n\t\t\t\t\t\t<div class=\"elementor-element elementor-element-372949b8 elementor-icon-list--layout-inline elementor-align-start elementor-mobile-align-center elementor-list-item-link-full_width elementor-invisible elementor-widget elementor-widget-icon-list\" data-id=\"372949b8\" data-element_type=\"widget\" data-e-type=\"widget\" data-settings=\"{&quot;_animation&quot;:&quot;slideInUp&quot;}\" data-widget_type=\"icon-list.default\">\n\t\t\t\t<div class=\"elementor-widget-container\">\n\t\t\t\t\t\t\t<ul class=\"elementor-icon-list-items elementor-inline-items\">\n\t\t\t\t\t\t\t<li class=\"elementor-icon-list-item elementor-inline-item\">\n\t\t\t\t\t\t\t\t\t\t\t<span class=\"elementor-icon-list-icon\">\n\t\t\t\t\t\t\t<svg xmlns=\"http:\/\/www.w3.org\/2000\/svg\" id=\"Layer_1\" data-name=\"Layer 1\" viewBox=\"0 0 80.9 89.2\"><defs><style>      .cls-1 {        fill: #e2161b;        stroke-width: 0px;      }    <\/style><\/defs><path class=\"cls-1\" d=\"M25.5,44.3c6.2,0,12.4,0,18.6,0,4.8,0,9.5,4.6,9.5,9.4,0,9.9,0,19.8,0,29.6,0,2.8-3.2,5.9-6.1,5.9-.2,0-.4,0-.6,0-4.9,0-7.8-2.9-7.8-7.9,0-6.7,0-13.5,0-20.2,0-2.3-.2-2.5-2.5-2.5-10,0-19.9,0-29.9,0-4.2,0-6.7-2.4-6.7-6.5,0-5.4,2.4-7.9,7.9-7.9,5.9,0,11.7,0,17.6,0Z\"><\/path><path class=\"cls-1\" d=\"M54.7,40.5c-6.2,0-12.4,0-18.6,0-4.4,0-9.2-4.7-9.2-9.1,0-8.4,0-16.8,0-25.1,0-2.9,2-5.3,4.9-6,5.3-1.3,9.8,3.2,9.6,7.6-.2,5.1,0,10.2,0,15.3,0,2.8,0,2.9,2.8,2.9,9.9,0,19.8.1,29.7,0,3.4,0,6.1,2.9,6.7,5.1.8,3.3-.3,6-3.2,8-1.5,1.1-3.1,1.4-5,1.4-5.9,0-11.9,0-17.8,0Z\"><\/path><\/svg>\t\t\t\t\t\t<\/span>\n\t\t\t\t\t\t\t\t\t\t<span class=\"elementor-icon-list-text\">Restez \u00e0 l'\u00e9coute<\/span>\n\t\t\t\t\t\t\t\t\t<\/li>\n\t\t\t\t\t\t<\/ul>\n\t\t\t\t\t\t<\/div>\n\t\t\t\t<\/div>\n\t\t\t\t<div class=\"elementor-element elementor-element-785d8240 elementor-invisible elementor-widget elementor-widget-icon-box\" data-id=\"785d8240\" data-element_type=\"widget\" data-e-type=\"widget\" data-settings=\"{&quot;_animation&quot;:&quot;fadeInUp&quot;}\" data-widget_type=\"icon-box.default\">\n\t\t\t\t<div class=\"elementor-widget-container\">\n\t\t\t\t\t\t\t<div class=\"elementor-icon-box-wrapper\">\n\n\t\t\t\n\t\t\t\t\t\t<div class=\"elementor-icon-box-content\">\n\n\t\t\t\t\t\t\t\t\t<h2 class=\"elementor-icon-box-title\">\n\t\t\t\t\t\t<span  >\n\t\t\t\t\t\t\tActualit\u00e9s\t\t\t\t\t\t<\/span>\n\t\t\t\t\t<\/h2>\n\t\t\t\t\n\t\t\t\t\t\t\t\t\t<p class=\"elementor-icon-box-description\">\n\t\t\t\t\t\tTenez-vous au courant des derni\u00e8res nouvelles et mises \u00e0 jour du SMC.\nVous trouverez ici des articles, des annonces et des informations importantes sur la s\u00e9curit\u00e9 dans divers environnements de travail.   \t\t\t\t\t<\/p>\n\t\t\t\t\n\t\t\t<\/div>\n\t\t\t\n\t\t<\/div>\n\t\t\t\t\t\t<\/div>\n\t\t\t\t<\/div>\n\t\t\t\t\t<\/div>\n\t\t<\/div>\n\t\t\t\t<div class=\"elementor-column elementor-col-50 elementor-top-column elementor-element elementor-element-29d4ef59\" data-id=\"29d4ef59\" data-element_type=\"column\" data-e-type=\"column\">\n\t\t\t<div class=\"elementor-widget-wrap elementor-element-populated\">\n\t\t\t\t\t\t<div class=\"elementor-element elementor-element-719ac16d elementor-hidden-mobile elementor-widget__width-auto elementor-absolute elementor-widget elementor-widget-image\" data-id=\"719ac16d\" data-element_type=\"widget\" data-e-type=\"widget\" data-settings=\"{&quot;ha_floating_fx_rotate_x&quot;:{&quot;unit&quot;:&quot;px&quot;,&quot;size&quot;:&quot;&quot;,&quot;sizes&quot;:{&quot;from&quot;:0,&quot;to&quot;:0}},&quot;ha_floating_fx_rotate_y&quot;:{&quot;unit&quot;:&quot;px&quot;,&quot;size&quot;:&quot;&quot;,&quot;sizes&quot;:{&quot;from&quot;:0,&quot;to&quot;:0}},&quot;ha_floating_fx_rotate_z&quot;:{&quot;unit&quot;:&quot;px&quot;,&quot;size&quot;:&quot;&quot;,&quot;sizes&quot;:{&quot;from&quot;:-180,&quot;to&quot;:180}},&quot;ha_floating_fx_rotate_duration&quot;:{&quot;unit&quot;:&quot;px&quot;,&quot;size&quot;:5700,&quot;sizes&quot;:[]},&quot;_position&quot;:&quot;absolute&quot;,&quot;ha_floating_fx&quot;:&quot;yes&quot;,&quot;ha_floating_fx_rotate_toggle&quot;:&quot;yes&quot;,&quot;ha_floating_fx_rotate_delay&quot;:{&quot;unit&quot;:&quot;px&quot;,&quot;size&quot;:&quot;&quot;,&quot;sizes&quot;:[]}}\" data-widget_type=\"image.default\">\n\t\t\t\t<div class=\"elementor-widget-container\">\n\t\t\t\t\t\t\t\t\t\t\t\t\t\t\t<img decoding=\"async\" width=\"81\" height=\"89\" src=\"https:\/\/www.smc-eu.com\/wp-content\/uploads\/2024\/06\/logo-favicon-smc.svg\" class=\"attachment-full size-full wp-image-34\" alt=\"\">\t\t\t\t\t\t\t\t\t\t\t\t\t\t\t<\/div>\n\t\t\t\t<\/div>\n\t\t\t\t\t<\/div>\n\t\t<\/div>\n\t\t\t\t\t<\/div>\n\t\t<\/section>\n\t\t\t\t<section class=\"elementor-section elementor-top-section elementor-element elementor-element-103ec8a2 elementor-section-boxed elementor-section-height-default elementor-section-height-default\" data-id=\"103ec8a2\" data-element_type=\"section\" data-e-type=\"section\" data-settings=\"{&quot;jet_parallax_layout_list&quot;:[],&quot;_ha_eqh_enable&quot;:false}\">\n\t\t\t\t\t\t<div class=\"elementor-container elementor-column-gap-no\">\n\t\t\t\t\t<div class=\"elementor-column elementor-col-100 elementor-top-column elementor-element elementor-element-27a8c86c\" data-id=\"27a8c86c\" data-element_type=\"column\" data-e-type=\"column\">\n\t\t\t<div class=\"elementor-widget-wrap elementor-element-populated\">\n\t\t\t\t\t\t<div class=\"elementor-element elementor-element-6a340c89 elementor-posts--align-left elementor-grid-3 elementor-grid-tablet-2 elementor-grid-mobile-1 elementor-posts--thumbnail-top elementor-widget elementor-widget-posts\" data-id=\"6a340c89\" data-element_type=\"widget\" data-e-type=\"widget\" data-settings=\"{&quot;classic_row_gap&quot;:{&quot;unit&quot;:&quot;px&quot;,&quot;size&quot;:20,&quot;sizes&quot;:[]},&quot;classic_columns&quot;:&quot;3&quot;,&quot;classic_columns_tablet&quot;:&quot;2&quot;,&quot;classic_columns_mobile&quot;:&quot;1&quot;,&quot;classic_row_gap_tablet&quot;:{&quot;unit&quot;:&quot;px&quot;,&quot;size&quot;:&quot;&quot;,&quot;sizes&quot;:[]},&quot;classic_row_gap_mobile&quot;:{&quot;unit&quot;:&quot;px&quot;,&quot;size&quot;:&quot;&quot;,&quot;sizes&quot;:[]}}\" data-widget_type=\"posts.classic\">\n\t\t\t\t<div class=\"elementor-widget-container\">\n\t\t\t\t\t\t\t<div class=\"elementor-posts-container elementor-posts elementor-posts--skin-classic elementor-grid\" role=\"list\">\n\t\t\t\t<article class=\"elementor-post elementor-grid-item post-8364 post type-post status-publish format-standard has-post-thumbnail hentry category-non-classifiee\" role=\"listitem\">\n\t\t\t\t<a class=\"elementor-post__thumbnail__link\" href=\"https:\/\/www.smc-eu.com\/fr\/techniques-de-sauvetage-innovantes\/\" tabindex=\"-1\" >\n\t\t\t<div class=\"elementor-post__thumbnail\"><img fetchpriority=\"high\" decoding=\"async\" width=\"682\" height=\"1024\" src=\"https:\/\/www.smc-eu.com\/wp-content\/uploads\/2024\/09\/8c60225a-3a04-4eaf-b444-ef3ada69dfff-682x1024.jpg\" class=\"attachment-large size-large wp-image-8225\" alt=\"\" srcset=\"https:\/\/www.smc-eu.com\/wp-content\/uploads\/2024\/09\/8c60225a-3a04-4eaf-b444-ef3ada69dfff-682x1024.jpg 682w, https:\/\/www.smc-eu.com\/wp-content\/uploads\/2024\/09\/8c60225a-3a04-4eaf-b444-ef3ada69dfff-200x300.jpg 200w, https:\/\/www.smc-eu.com\/wp-content\/uploads\/2024\/09\/8c60225a-3a04-4eaf-b444-ef3ada69dfff-768x1153.jpg 768w, https:\/\/www.smc-eu.com\/wp-content\/uploads\/2024\/09\/8c60225a-3a04-4eaf-b444-ef3ada69dfff-1023x1536.jpg 1023w, https:\/\/www.smc-eu.com\/wp-content\/uploads\/2024\/09\/8c60225a-3a04-4eaf-b444-ef3ada69dfff-600x901.jpg 600w, https:\/\/www.smc-eu.com\/wp-content\/uploads\/2024\/09\/8c60225a-3a04-4eaf-b444-ef3ada69dfff.jpg 1066w\" sizes=\"(max-width: 682px) 100vw, 682px\" \/><\/div>\n\t\t<\/a>\n\t\t\t\t<div class=\"elementor-post__text\">\n\t\t\t\t<h2 class=\"elementor-post__title\">\n\t\t\t<a href=\"https:\/\/www.smc-eu.com\/fr\/techniques-de-sauvetage-innovantes\/\" >\n\t\t\t\tTechniques de sauvetage innovantes\t\t\t<\/a>\n\t\t<\/h2>\n\t\t\t\t<div class=\"elementor-post__meta-data\">\n\t\t\t\t\t<span class=\"elementor-post-date\">\n\t\t\t28 ao\u00fbt 2025\t\t<\/span>\n\t\t\t\t<\/div>\n\t\t\t\t<div class=\"elementor-post__excerpt\">\n\t\t\t<p>Le SMC \u00e9largit son offre de formation \u00e0 la s\u00e9curit\u00e9 avec de nouveaux cours sp\u00e9cialis\u00e9s. Ces formations se concentrent sur les derni\u00e8res normes et techniques de s\u00e9curit\u00e9 afin de pr\u00e9parer au mieux votre \u00e9quipe \u00e0 diverses conditions de travail. Inscrivez-vous<\/p>\n\t\t<\/div>\n\t\t\t\t\t<div class=\"elementor-post__read-more-wrapper\">\n\t\t\n\t\t<a class=\"elementor-post__read-more\" href=\"https:\/\/www.smc-eu.com\/fr\/techniques-de-sauvetage-innovantes\/\" aria-label=\"En savoir plus sur Techniques de sauvetage innovantes\" tabindex=\"-1\" >\n\t\t\tLire la suite\t\t<\/a>\n\n\t\t\t\t\t<\/div>\n\t\t\t\t<\/div>\n\t\t\t\t<\/article>\n\t\t\t\t<article class=\"elementor-post elementor-grid-item post-8384 post type-post status-publish format-standard has-post-thumbnail hentry category-non-classifiee\" role=\"listitem\">\n\t\t\t\t<a class=\"elementor-post__thumbnail__link\" href=\"https:\/\/www.smc-eu.com\/fr\/nouvelle-formation-a-la-securite-disponible\/\" tabindex=\"-1\" >\n\t\t\t<div class=\"elementor-post__thumbnail\"><img decoding=\"async\" width=\"800\" height=\"402\" src=\"https:\/\/www.smc-eu.com\/wp-content\/uploads\/2024\/06\/X-am-multi-gas-monitor.webp\" class=\"attachment-large size-large wp-image-8386\" alt=\"\" srcset=\"https:\/\/www.smc-eu.com\/wp-content\/uploads\/2024\/06\/X-am-multi-gas-monitor.webp 1000w, https:\/\/www.smc-eu.com\/wp-content\/uploads\/2024\/06\/X-am-multi-gas-monitor-300x151.webp 300w, https:\/\/www.smc-eu.com\/wp-content\/uploads\/2024\/06\/X-am-multi-gas-monitor-768x386.webp 768w\" sizes=\"(max-width: 800px) 100vw, 800px\" \/><\/div>\n\t\t<\/a>\n\t\t\t\t<div class=\"elementor-post__text\">\n\t\t\t\t<h2 class=\"elementor-post__title\">\n\t\t\t<a href=\"https:\/\/www.smc-eu.com\/fr\/nouvelle-formation-a-la-securite-disponible\/\" >\n\t\t\t\tNouvelle formation \u00e0 la s\u00e9curit\u00e9 disponible\t\t\t<\/a>\n\t\t<\/h2>\n\t\t\t\t<div class=\"elementor-post__meta-data\">\n\t\t\t\t\t<span class=\"elementor-post-date\">\n\t\t\t14 juin 2025\t\t<\/span>\n\t\t\t\t<\/div>\n\t\t\t\t<div class=\"elementor-post__excerpt\">\n\t\t\t<p>Le SMC \u00e9largit son offre de formation \u00e0 la s\u00e9curit\u00e9 avec de nouveaux cours sp\u00e9cialis\u00e9s. Ces formations se concentrent sur les derni\u00e8res normes et techniques de s\u00e9curit\u00e9 afin de pr\u00e9parer au mieux votre \u00e9quipe \u00e0 diverses conditions de travail. Inscrivez-vous<\/p>\n\t\t<\/div>\n\t\t\t\t\t<div class=\"elementor-post__read-more-wrapper\">\n\t\t\n\t\t<a class=\"elementor-post__read-more\" href=\"https:\/\/www.smc-eu.com\/fr\/nouvelle-formation-a-la-securite-disponible\/\" aria-label=\"En savoir plus sur Nouvelle formation \u00e0 la s\u00e9curit\u00e9 disponible\" tabindex=\"-1\" >\n\t\t\tLire la suite\t\t<\/a>\n\n\t\t\t\t\t<\/div>\n\t\t\t\t<\/div>\n\t\t\t\t<\/article>\n\t\t\t\t<article class=\"elementor-post elementor-grid-item post-8336 post type-post status-publish format-standard has-post-thumbnail hentry category-non-classifiee\" role=\"listitem\">\n\t\t\t\t<a class=\"elementor-post__thumbnail__link\" href=\"https:\/\/www.smc-eu.com\/fr\/smc-presente-des-systemes-innovants-de-detection-de-gaz\/\" tabindex=\"-1\" >\n\t\t\t<div class=\"elementor-post__thumbnail\"><img loading=\"lazy\" decoding=\"async\" width=\"546\" height=\"470\" src=\"https:\/\/www.smc-eu.com\/wp-content\/uploads\/2024\/06\/Picture-02.webp\" class=\"attachment-large size-large wp-image-8340\" alt=\"\" srcset=\"https:\/\/www.smc-eu.com\/wp-content\/uploads\/2024\/06\/Picture-02.webp 546w, https:\/\/www.smc-eu.com\/wp-content\/uploads\/2024\/06\/Picture-02-300x258.webp 300w\" sizes=\"(max-width: 546px) 100vw, 546px\" \/><\/div>\n\t\t<\/a>\n\t\t\t\t<div class=\"elementor-post__text\">\n\t\t\t\t<h2 class=\"elementor-post__title\">\n\t\t\t<a href=\"https:\/\/www.smc-eu.com\/fr\/smc-presente-des-systemes-innovants-de-detection-de-gaz\/\" >\n\t\t\t\tSMC pr\u00e9sente des syst\u00e8mes innovants de d\u00e9tection de gaz\t\t\t<\/a>\n\t\t<\/h2>\n\t\t\t\t<div class=\"elementor-post__meta-data\">\n\t\t\t\t\t<span class=\"elementor-post-date\">\n\t\t\t28 mai 2025\t\t<\/span>\n\t\t\t\t<\/div>\n\t\t\t\t<div class=\"elementor-post__excerpt\">\n\t\t\t<p>Nous avons le plaisir de vous pr\u00e9senter nos derniers syst\u00e8mes de d\u00e9tection de gaz. Ces syst\u00e8mes avanc\u00e9s offrent une d\u00e9tection pr\u00e9cise et fiable des gaz, essentielle \u00e0 la s\u00e9curit\u00e9 de l&rsquo;environnement de travail. D\u00e9couvrez comment cette technologie peut am\u00e9liorer vos<\/p>\n\t\t<\/div>\n\t\t\t\t\t<div class=\"elementor-post__read-more-wrapper\">\n\t\t\n\t\t<a class=\"elementor-post__read-more\" href=\"https:\/\/www.smc-eu.com\/fr\/smc-presente-des-systemes-innovants-de-detection-de-gaz\/\" aria-label=\"En savoir plus sur SMC pr\u00e9sente des syst\u00e8mes innovants de d\u00e9tection de gaz\" tabindex=\"-1\" >\n\t\t\tLire la suite\t\t<\/a>\n\n\t\t\t\t\t<\/div>\n\t\t\t\t<\/div>\n\t\t\t\t<\/article>\n\t\t\t\t<\/div>\n\t\t\n\t\t\t\t\t\t<\/div>\n\t\t\t\t<\/div>\n\t\t\t\t\t<\/div>\n\t\t<\/div>\n\t\t\t\t\t<\/div>\n\t\t<\/section>\n\t\t\t\t<\/div>\n\t\t","protected":false},"excerpt":{"rendered":"<p>Restez \u00e0 l&rsquo;\u00e9coute Actualit\u00e9s Tenez-vous au courant des derni\u00e8res nouvelles et mises \u00e0 jour du SMC. Vous trouverez ici des articles, des annonces et des informations importantes sur la s\u00e9curit\u00e9 dans divers environnements de travail.<\/p>\n","protected":false},"author":1,"featured_media":0,"parent":0,"menu_order":0,"comment_status":"closed","ping_status":"closed","template":"","meta":{"footnotes":""},"class_list":["post-8192","page","type-page","status-publish","hentry"],"_links":{"self":[{"href":"https:\/\/www.smc-eu.com\/fr\/wp-json\/wp\/v2\/pages\/8192","targetHints":{"allow":["GET"]}}],"collection":[{"href":"https:\/\/www.smc-eu.com\/fr\/wp-json\/wp\/v2\/pages"}],"about":[{"href":"https:\/\/www.smc-eu.com\/fr\/wp-json\/wp\/v2\/types\/page"}],"author":[{"embeddable":true,"href":"https:\/\/www.smc-eu.com\/fr\/wp-json\/wp\/v2\/users\/1"}],"replies":[{"embeddable":true,"href":"https:\/\/www.smc-eu.com\/fr\/wp-json\/wp\/v2\/comments?post=8192"}],"version-history":[{"count":1,"href":"https:\/\/www.smc-eu.com\/fr\/wp-json\/wp\/v2\/pages\/8192\/revisions"}],"predecessor-version":[{"id":8202,"href":"https:\/\/www.smc-eu.com\/fr\/wp-json\/wp\/v2\/pages\/8192\/revisions\/8202"}],"wp:attachment":[{"href":"https:\/\/www.smc-eu.com\/fr\/wp-json\/wp\/v2\/media?parent=8192"}],"curies":[{"name":"wp","href":"https:\/\/api.w.org\/{rel}","templated":true}]}}